{"id":2646,"date":"2023-06-09T11:39:42","date_gmt":"2023-06-09T09:39:42","guid":{"rendered":"https:\/\/www.dozefoto.com\/?post_type=product&#038;p=2646"},"modified":"2024-07-08T16:46:51","modified_gmt":"2024-07-08T14:46:51","slug":"presets","status":"publish","type":"product","link":"https:\/\/www.dozefoto.com\/?product=presets","title":{"rendered":"PRESETS"},"content":{"rendered":"<p>A lo largo de estos a\u00f1os como fot\u00f3grafo he ido creando mis propios presets y LUT\u00b4s de v\u00eddeo para facilitar la labor de edici\u00f3n y darle un toque caracter\u00edstico a mis trabajos. Hace tiempo decid\u00ed compartir esto con vosotros, as\u00ed que espero que os sigan sirviendo!<\/p>\n<p>Los pod\u00e9is encontrar en el siguiente enlace \ud83d\ude42<\/p>\n<p><a href=\"https:\/\/payhip.com\/cursosDozefoto\">https:\/\/payhip.com\/cursosDozefoto<\/a><\/p>\n","protected":false},"excerpt":{"rendered":"<p>A lo largo de estos a\u00f1os como fot\u00f3grafo he ido creando mis propios presets y LUT\u00b4s de v\u00eddeo para facilitar la labor de edici\u00f3n y darle un toque caracter\u00edstico a mis trabajos. Hace tiempo decid\u00ed compartir esto con vosotros, as\u00ed que espero que os sigan sirviendo! Los pod\u00e9is encontrar en el siguiente enlace \ud83d\ude42 https:\/\/payhip.com\/cursosDozefoto<\/p>\n","protected":false},"featured_media":2569,"comment_status":"open","ping_status":"closed","template":"","meta":{"site-sidebar-layout":"default","site-content-layout":"default","ast-global-header-display":"","ast-banner-title-visibility":"","ast-main-header-display":"","ast-hfb-above-header-display":"","ast-hfb-below-header-display":"","ast-hfb-mobile-header-display":"","site-post-title":"","ast-breadcrumbs-content":"","ast-featured-img":"","footer-sml-layout":"","theme-transparent-header-meta":"default","adv-header-id-meta":"","stick-header-meta":"","header-above-stick-meta":"","header-main-stick-meta":"","header-below-stick-meta":""},"product_cat":[30],"product_tag":[],"_links":{"self":[{"href":"https:\/\/www.dozefoto.com\/index.php?rest_route=\/wp\/v2\/product\/2646"}],"collection":[{"href":"https:\/\/www.dozefoto.com\/index.php?rest_route=\/wp\/v2\/product"}],"about":[{"href":"https:\/\/www.dozefoto.com\/index.php?rest_route=\/wp\/v2\/types\/product"}],"replies":[{"embeddable":true,"href":"https:\/\/www.dozefoto.com\/index.php?rest_route=%2Fwp%2Fv2%2Fcomments&post=2646"}],"wp:featuredmedia":[{"embeddable":true,"href":"https:\/\/www.dozefoto.com\/index.php?rest_route=\/wp\/v2\/media\/2569"}],"wp:attachment":[{"href":"https:\/\/www.dozefoto.com\/index.php?rest_route=%2Fwp%2Fv2%2Fmedia&parent=2646"}],"wp:term":[{"taxonomy":"product_cat","embeddable":true,"href":"https:\/\/www.dozefoto.com\/index.php?rest_route=%2Fwp%2Fv2%2Fproduct_cat&post=2646"},{"taxonomy":"product_tag","embeddable":true,"href":"https:\/\/www.dozefoto.com\/index.php?rest_route=%2Fwp%2Fv2%2Fproduct_tag&post=2646"}],"curies":[{"name":"wp","href":"https:\/\/api.w.org\/{rel}","templated":true}]}}